{"id":10,"date":"2014-07-23T16:19:26","date_gmt":"2014-07-23T16:19:26","guid":{"rendered":"http:\/\/aikido-de-la-gatine.fr\/?page_id=10"},"modified":"2024-08-09T12:16:25","modified_gmt":"2024-08-09T10:16:25","slug":"laikido","status":"publish","type":"page","link":"http:\/\/www.aikido-de-la-gatine.fr\/?page_id=10","title":{"rendered":"L&rsquo;A\u00efkido"},"content":{"rendered":"<h4>A\u00efkido : \u00ab\u00a0Voie de l&rsquo;harmonie des \u00e9nergies\u00a0\u00bb<\/h4>\n<h5><span style=\"text-decoration: underline;\">Son origine :<\/span><\/h5>\n<figure id=\"attachment_192\" aria-describedby=\"caption-attachment-192\" style=\"width: 220px\" class=\"wp-caption alignright\"><a href=\"http:\/\/www.aikido-de-la-gatine.fr\/wp-content\/uploads\/2014\/07\/osensei.jpg\"><img loading=\"lazy\" decoding=\"async\" class=\"wp-image-192 size-medium\" src=\"http:\/\/www.aikido-de-la-gatine.fr\/wp-content\/uploads\/2014\/07\/osensei-220x300.jpg\" alt=\"Morihei UESHIBA  O Sensei\" width=\"220\" height=\"300\" srcset=\"http:\/\/www.aikido-de-la-gatine.fr\/wp-content\/uploads\/2014\/07\/osensei-220x300.jpg 220w, http:\/\/www.aikido-de-la-gatine.fr\/wp-content\/uploads\/2014\/07\/osensei.jpg 587w\" sizes=\"(max-width: 220px) 100vw, 220px\" \/><\/a><figcaption id=\"caption-attachment-192\" class=\"wp-caption-text\">Morihei UESHIBA<br \/>O Sensei<\/figcaption><\/figure>\n<p class=\"wp-image-192 size-medium\">Cet art martial japonais a \u00e9t\u00e9 fond\u00e9 par le ma\u00eetre Morihei UESHIBA entre 1925 et 1960.<\/p>\n<p class=\"wp-image-192 size-medium\">Il est le fruit d&rsquo;une synth\u00e8se qu&rsquo;il a men\u00e9e de plusieurs arts martiaux ancestraux japonais,\u00a0 ainsi que de sa r\u00e9flexion m\u00e9taphysique sur la pratique martiale en g\u00e9n\u00e9ral.<\/p>\n<h5><span style=\"text-decoration: underline;\">Ses principes techniques : <\/span><\/h5>\n<p>M\u00ealant pratiques \u00e0 mains nues et pratiques des armes, cette discipline utilise la force et l&rsquo;\u00e9nergie du partenaire et elle est bas\u00e9e principalement sur les esquives accompagn\u00e9es de projections et de cl\u00e9s aux articulations.<\/p>\n<p>C&rsquo;est un art redoutable par ces techniques de d\u00e9fense.<\/p>\n<h5><span style=\"text-decoration: underline;\">Et un peu plus&#8230;<\/span><\/h5>\n<p>L&rsquo;a\u00efkido est une discipline instructrice alliant, par une pratique sinc\u00e8re, rigoureuse et sans tricherie avec soi-m\u00eame, une progression simultan\u00e9e du corps et de l&rsquo;esprit.<\/p>\n<p>Il faut essayer de garder sans cesse et tout au long de son parcours, de sa vie, l&rsquo;ouverture de celui qui veut apprendre et partager. <strong>Ainsi, au\u00a0 fil du temps, le corps devient r\u00e9sistant, vigoureux et prend le r\u00f4le du messager de la non-violence pr\u00f4n\u00e9e par l&rsquo;a\u00efkido.<\/strong><\/p>\n<p class=\"wp-image-192 size-medium\">Sur le tapis, malgr\u00e9 sa recherche martiale, la pratique n&rsquo;est en aucun cas un moyen de se mesurer ou de s&rsquo;imposer. Elle doit, par humilit\u00e9, obliger les pratiquants \u00e0 s&rsquo;\u00e9couter et \u00e0 communiquer. En ce sens, et en raison de \u00ab\u00a0l&rsquo;agitation\u00a0\u00bb d&rsquo;aujourd&rsquo;hui, l&rsquo;a\u00efkido peut avoir toute son utilit\u00e9 dans notre vie quotidienne.<\/p>\n<p><strong>Il est un chemin de vie int\u00e9rieur, autant qu&rsquo;une discipline physique, puisqu&rsquo;il nous invite avant toute chose \u00e0 travailler sur nous-m\u00eame. <\/strong>En cela, les r\u00e9sultats ext\u00e9rieurs (grades par exemple) ne sont que des \u00e9tapes vers un mieux \u00eatre global, du corps et de l&rsquo;esprit. En aucun cas un objectif \u00e0 atteindre.<\/p>\n<p>L&rsquo;a\u00efkido est le plus \u00ab\u00a0int\u00e9rieur\u00a0\u00bb des arts martiaux japonais.<\/p>\n<p>&nbsp;<\/p>\n","protected":false},"excerpt":{"rendered":"<p>A\u00efkido : \u00ab\u00a0Voie de l&rsquo;harmonie des \u00e9nergies\u00a0\u00bb Son origine : Cet art martial japonais a \u00e9t\u00e9 fond\u00e9 par le ma\u00eetre Morihei UESHIBA entre 1925 et 1960. Il est le fruit d&rsquo;une synth\u00e8se qu&rsquo;il a men\u00e9e de plusieurs arts martiaux ancestraux japonais,\u00a0 ainsi que de sa r\u00e9flexion m\u00e9taphysique sur la pratique martiale en g\u00e9n\u00e9ral. Ses principes &hellip; <a href=\"http:\/\/www.aikido-de-la-gatine.fr\/?page_id=10\" class=\"more-link\">Continuer la lecture de <span class=\"screen-reader-text\">L&rsquo;A\u00efkido<\/span>  <span class=\"meta-nav\">&rarr;<\/span><\/a><\/p>\n","protected":false},"author":1,"featured_media":0,"parent":0,"menu_order":3,"comment_status":"closed","ping_status":"closed","template":"","meta":{"footnotes":""},"class_list":["post-10","page","type-page","status-publish","hentry"],"_links":{"self":[{"href":"http:\/\/www.aikido-de-la-gatine.fr\/index.php?rest_route=\/wp\/v2\/pages\/10"}],"collection":[{"href":"http:\/\/www.aikido-de-la-gatine.fr\/index.php?rest_route=\/wp\/v2\/pages"}],"about":[{"href":"http:\/\/www.aikido-de-la-gatine.fr\/index.php?rest_route=\/wp\/v2\/types\/page"}],"author":[{"embeddable":true,"href":"http:\/\/www.aikido-de-la-gatine.fr\/index.php?rest_route=\/wp\/v2\/users\/1"}],"replies":[{"embeddable":true,"href":"http:\/\/www.aikido-de-la-gatine.fr\/index.php?rest_route=%2Fwp%2Fv2%2Fcomments&post=10"}],"version-history":[{"count":4,"href":"http:\/\/www.aikido-de-la-gatine.fr\/index.php?rest_route=\/wp\/v2\/pages\/10\/revisions"}],"predecessor-version":[{"id":4333,"href":"http:\/\/www.aikido-de-la-gatine.fr\/index.php?rest_route=\/wp\/v2\/pages\/10\/revisions\/4333"}],"wp:attachment":[{"href":"http:\/\/www.aikido-de-la-gatine.fr\/index.php?rest_route=%2Fwp%2Fv2%2Fmedia&parent=10"}],"curies":[{"name":"wp","href":"https:\/\/api.w.org\/{rel}","templated":true}]}}