{"id":19,"date":"2014-07-24T12:43:32","date_gmt":"2014-07-24T10:43:32","guid":{"rendered":"http:\/\/aikido-de-la-gatine.fr\/?page_id=19"},"modified":"2026-04-20T18:03:37","modified_gmt":"2026-04-20T16:03:37","slug":"accueil","status":"publish","type":"page","link":"http:\/\/www.aikido-de-la-gatine.fr\/","title":{"rendered":"Accueil"},"content":{"rendered":"\n<script type=\"text\/javascript\">\r\ndocument.addEventListener(\"DOMContentLoaded\", function(event) { \r\n\tjQuery( '#slider-pro-3-838' ).sliderPro({\r\n\t\t\/\/width\r\n\t\t\t\twidth: 1000,\r\n\t\t\t\t\r\n\t\t\/\/height\r\n\t\t\t\theight: 660,\r\n\t\t\t\t\r\n\t\t\/\/auto play\r\n\t\t\t\tautoplay:  true,\r\n\t\tautoplayOnHover: 'none',\r\n\t\t\t\t\t\t\t\tautoplayDelay: 5000,\r\n\t\t\r\n\t\t\r\n\t\tarrows: true,\r\n\t\tbuttons: true,\r\n\t\tsmallSize: 500,\r\n\t\tmediumSize: 1000,\r\n\t\tlargeSize: 3000,\r\n\t\tfade: true,\r\n\t\t\r\n\t\t\/\/thumbnail\r\n\t\tthumbnailArrows: true,\r\n\t\tthumbnailWidth: 120,\r\n\t\tthumbnailHeight: 120,\r\n\t\t\t\t\t\tthumbnailsPosition: 'bottom',\r\n\t\t\t\t\t\tcenterImage: true,\r\n\t\timageScaleMode: 'cover',\r\n\t\tallowScaleUp: true,\r\n\t\t\t\tstartSlide: 0,\r\n\t\tloop: true,\r\n\t\tslideDistance: 5,\r\n\t\tautoplayDirection: 'normal',\r\n\t\ttouchSwipe: true,\r\n\t\tfullScreen: true,\r\n\t});\r\n});\r\n<\/script>\r\n<style>\r\n\/* Layout 3 *\/\r\n\/* border *\/\r\n#slider-pro-3-838 .sp-selected-thumbnail {\r\n\tborder: 4px solid #000000;\r\n}\r\n\r\n\/* font + color *\/\r\n.title-in  {\r\n\tfont-family: Arial !important;\r\n\tcolor: #FFFFFF !important;\r\n\tbackground-color: #000000 !important;\r\n\topacity: 0.7 !important;\r\n}\r\n.desc-in  {\r\n\tfont-family: Arial !important;\r\n\tcolor: #FFFFFF !important;\r\n\tbackground-color: #000000 !important;\r\n\topacity: 0.7 !important;\r\n}\r\n\r\n\/* bullets color *\/\r\n.sp-button  {\r\n\tborder: 2px solid #000000 !important;\r\n}\r\n.sp-selected-button  {\r\n\tbackground-color: #000000 !important;\r\n}\r\n\r\n\/* pointer color - bottom *\/\r\n.sp-selected-thumbnail::before {\r\n\tborder-bottom: 5px solid #000000 !important;\r\n}\r\n.sp-selected-thumbnail::after {\r\n\tborder-bottom: 13px solid #000000 !important;\r\n}\r\n\r\n\/* pointer color - top *\/\r\n\r\n\/* full screen icon *\/\r\n.sp-full-screen-button::before {\r\n    color: #FFFFFF !important;\r\n}\r\n\r\n\/* hover navigation icon color *\/\r\n.sp-next-arrow::after, .sp-next-arrow::before {\r\n\tbackground-color: #FFFFFF !important;\r\n}\r\n.sp-previous-arrow::after, .sp-previous-arrow::before {\r\n\tbackground-color: #FFFFFF !important;\r\n}\r\n\r\n#slider-pro-3-838 .title-in {\r\n\tcolor: #FFFFFF !important;\r\n\tfont-weight: bolder;\r\n\ttext-align: center;\r\n}\r\n\r\n#slider-pro-3-838 .title-in-bg {\r\n\tbackground: rgba(255, 255, 255, 0.7); !important;\r\n\twhite-space: unset !important;\r\n\tmax-width: 90%;\r\n\tmin-width: 40%;\r\n\ttransform: initial !important;\r\n\t-webkit-transform: initial !important;\r\n\tfont-size: 14px !important;\r\n}\r\n\r\n#slider-pro-3-838 .desc-in {\r\n\tcolor: #FFFFFF !important;\r\n\ttext-align: center;\r\n}\r\n#slider-pro-3-838 .desc-in-bg {\r\n\tbackground: rgba(#000000, 0.7) !important;\r\n\twhite-space: unset !important;\r\n\twidth: 80% !important;\r\n\tmin-width: 30%;\r\n\ttransform: initial !important;\r\n\t-webkit-transform: initial !important;\r\n\tfont-size: 13px !important;\r\n}\r\n\r\n@media (max-width: 640px) {\r\n\t#slider-pro-3-838 .hide-small-screen {\r\n\t\tdisplay: none;\r\n\t}\r\n}\r\n\r\n@media (max-width: 860px) {\r\n\t#slider-pro-3-838 .sp-layer {\r\n\t\tfont-size: 18px;\r\n\t}\r\n\t\r\n\t#slider-pro-3-838 .hide-medium-screen {\r\n\t\tdisplay: none;\r\n\t}\r\n}\r\n.slides-not-found {\r\n\tbackground-color: #a92929;\r\n\tborder-radius: 5px;\r\n\tcolor: #fff;\r\n\tfont-family: initial;\r\n\ttext-align: center;\r\n\tpadding:12px;\r\n}\r\n\/* Custom CSS *\/\r\n<\/style>\r\n\t\t<div id=\"slider-pro-3-838\" class=\"slider-pro\">\r\n\t\t\t<!---- slides div start ---->\r\n\t\t\t<div class=\"sp-slides\">\r\n\t\t\t\t\t\t\t\t\t\t<div class=\"sp-slide\">\r\n\t\t\t\t\t\t\t<img decoding=\"async\" class=\"sp-image\" loading=\"lazy\" alt=\"\" src=\"http:\/\/www.aikido-de-la-gatine.fr\/wp-content\/plugins\/ultimate-responsive-image-slider\/assets\/css\/images\/blank.gif\" data-src=\"http:\/\/www.aikido-de-la-gatine.fr\/wp-content\/uploads\/2016\/01\/bretagne-enfants1.jpg\" \/>\r\n\r\n\t\t\t\t\t\t\t\r\n\t\t\t\t\t\t\t\t\t\t\t\t\t\t<p class=\"sp-layer sp-black sp-padding desc-in desc-in-bg hide-medium-screen\" \r\n\t\t\t\t\t\t\t\tdata-position=\"centerCenter\"\r\n\t\t\t\t\t\t\t\tdata-vertical=\"14%\"\r\n\t\t\t\t\t\t\t\tdata-show-transition=\"right\" data-show-delay=\"500\">\r\n\t\t\t\t\t\t\t\t\"Paroles de Grand professeur\"\t\t\t\t\t\t\t<\/p>\r\n\t\t\t\t\t\t\t\t\t\t\t\t\t<\/div>\r\n\t\t\t\t\t\t\t\t\t\t\t\t<div class=\"sp-slide\">\r\n\t\t\t\t\t\t\t<img decoding=\"async\" class=\"sp-image\" loading=\"lazy\" alt=\"\" src=\"http:\/\/www.aikido-de-la-gatine.fr\/wp-content\/plugins\/ultimate-responsive-image-slider\/assets\/css\/images\/blank.gif\" data-src=\"http:\/\/www.aikido-de-la-gatine.fr\/wp-content\/uploads\/2014\/09\/DSC_7232.jpg\" \/>\r\n\r\n\t\t\t\t\t\t\t\r\n\t\t\t\t\t\t\t\t\t\t\t\t\t\t<p class=\"sp-layer sp-black sp-padding desc-in desc-in-bg hide-medium-screen\" \r\n\t\t\t\t\t\t\t\tdata-position=\"centerCenter\"\r\n\t\t\t\t\t\t\t\tdata-vertical=\"14%\"\r\n\t\t\t\t\t\t\t\tdata-show-transition=\"right\" data-show-delay=\"500\">\r\n\t\t\t\t\t\t\t\t\"Demain tu fais quoi ? Tu sais pas exactement... C'est comme avec moi dans l'exercice, tu sais pas ce que je vais faire, c'est ici et maintenant, si tu r\u00e9fl\u00e9chis tu n'es plus avec moi.\"\t\t\t\t\t\t\t<\/p>\r\n\t\t\t\t\t\t\t\t\t\t\t\t\t<\/div>\r\n\t\t\t\t\t\t\t\t\t\t\t\t<div class=\"sp-slide\">\r\n\t\t\t\t\t\t\t<img decoding=\"async\" class=\"sp-image\" loading=\"lazy\" alt=\"\" src=\"http:\/\/www.aikido-de-la-gatine.fr\/wp-content\/plugins\/ultimate-responsive-image-slider\/assets\/css\/images\/blank.gif\" data-src=\"http:\/\/www.aikido-de-la-gatine.fr\/wp-content\/uploads\/2014\/12\/DSC08102.jpg\" \/>\r\n\r\n\t\t\t\t\t\t\t\r\n\t\t\t\t\t\t\t\t\t\t\t\t\t\t<p class=\"sp-layer sp-black sp-padding desc-in desc-in-bg hide-medium-screen\" \r\n\t\t\t\t\t\t\t\tdata-position=\"centerCenter\"\r\n\t\t\t\t\t\t\t\tdata-vertical=\"14%\"\r\n\t\t\t\t\t\t\t\tdata-show-transition=\"right\" data-show-delay=\"500\">\r\n\t\t\t\t\t\t\t\t\"La saisie c'est la survie.\"\t\t\t\t\t\t\t<\/p>\r\n\t\t\t\t\t\t\t\t\t\t\t\t\t<\/div>\r\n\t\t\t\t\t\t\t\t\t\t\t\t<div class=\"sp-slide\">\r\n\t\t\t\t\t\t\t<img decoding=\"async\" class=\"sp-image\" loading=\"lazy\" alt=\"tori-uchi-2014-tissier2-1\" src=\"http:\/\/www.aikido-de-la-gatine.fr\/wp-content\/plugins\/ultimate-responsive-image-slider\/assets\/css\/images\/blank.gif\" data-src=\"http:\/\/www.aikido-de-la-gatine.fr\/wp-content\/uploads\/2023\/09\/tori-uchi-2014-tissier2-1-scaled.jpg\" \/>\r\n\r\n\t\t\t\t\t\t\t\r\n\t\t\t\t\t\t\t\t\t\t\t\t\t\t<p class=\"sp-layer sp-black sp-padding desc-in desc-in-bg hide-medium-screen\" \r\n\t\t\t\t\t\t\t\tdata-position=\"centerCenter\"\r\n\t\t\t\t\t\t\t\tdata-vertical=\"14%\"\r\n\t\t\t\t\t\t\t\tdata-show-transition=\"right\" data-show-delay=\"500\">\r\n\t\t\t\t\t\t\t\t\"On ne peut r\u00e9ussir l'a\u00efkido que si l'autre r\u00e9ussit.\"\t\t\t\t\t\t\t<\/p>\r\n\t\t\t\t\t\t\t\t\t\t\t\t\t<\/div>\r\n\t\t\t\t\t\t\t\t\t\t\t\t<div class=\"sp-slide\">\r\n\t\t\t\t\t\t\t<img decoding=\"async\" class=\"sp-image\" loading=\"lazy\" alt=\"\" src=\"http:\/\/www.aikido-de-la-gatine.fr\/wp-content\/plugins\/ultimate-responsive-image-slider\/assets\/css\/images\/blank.gif\" data-src=\"http:\/\/www.aikido-de-la-gatine.fr\/wp-content\/uploads\/2015\/09\/30G1.jpg\" \/>\r\n\r\n\t\t\t\t\t\t\t\r\n\t\t\t\t\t\t\t\t\t\t\t\t\t\t<p class=\"sp-layer sp-black sp-padding desc-in desc-in-bg hide-medium-screen\" \r\n\t\t\t\t\t\t\t\tdata-position=\"centerCenter\"\r\n\t\t\t\t\t\t\t\tdata-vertical=\"14%\"\r\n\t\t\t\t\t\t\t\tdata-show-transition=\"right\" data-show-delay=\"500\">\r\n\t\t\t\t\t\t\t\t\"Quand t'es au sol, tes mains doivent devenir des pieds.\"\t\t\t\t\t\t\t<\/p>\r\n\t\t\t\t\t\t\t\t\t\t\t\t\t<\/div>\r\n\t\t\t\t\t\t\t\t\t\t\t\t<div class=\"sp-slide\">\r\n\t\t\t\t\t\t\t<img decoding=\"async\" class=\"sp-image\" loading=\"lazy\" alt=\"\" src=\"http:\/\/www.aikido-de-la-gatine.fr\/wp-content\/plugins\/ultimate-responsive-image-slider\/assets\/css\/images\/blank.gif\" data-src=\"http:\/\/www.aikido-de-la-gatine.fr\/wp-content\/uploads\/2016\/03\/Chats.jpg\" \/>\r\n\r\n\t\t\t\t\t\t\t\r\n\t\t\t\t\t\t\t\t\t\t\t\t\t\t<p class=\"sp-layer sp-black sp-padding desc-in desc-in-bg hide-medium-screen\" \r\n\t\t\t\t\t\t\t\tdata-position=\"centerCenter\"\r\n\t\t\t\t\t\t\t\tdata-vertical=\"14%\"\r\n\t\t\t\t\t\t\t\tdata-show-transition=\"right\" data-show-delay=\"500\">\r\n\t\t\t\t\t\t\t\t\"Pour \u00eatre disponible, il faut \u00eatre \u00e0 la fois souple et tonique, comme le chat.\"\t\t\t\t\t\t\t<\/p>\r\n\t\t\t\t\t\t\t\t\t\t\t\t\t<\/div>\r\n\t\t\t\t\t\t\t\t\t\t\t\t<div class=\"sp-slide\">\r\n\t\t\t\t\t\t\t<img decoding=\"async\" class=\"sp-image\" loading=\"lazy\" alt=\"\" src=\"http:\/\/www.aikido-de-la-gatine.fr\/wp-content\/plugins\/ultimate-responsive-image-slider\/assets\/css\/images\/blank.gif\" data-src=\"http:\/\/www.aikido-de-la-gatine.fr\/wp-content\/uploads\/2015\/09\/DSC_6817.jpg\" \/>\r\n\r\n\t\t\t\t\t\t\t\r\n\t\t\t\t\t\t\t\t\t\t\t\t\t\t<p class=\"sp-layer sp-black sp-padding desc-in desc-in-bg hide-medium-screen\" \r\n\t\t\t\t\t\t\t\tdata-position=\"centerCenter\"\r\n\t\t\t\t\t\t\t\tdata-vertical=\"14%\"\r\n\t\t\t\t\t\t\t\tdata-show-transition=\"right\" data-show-delay=\"500\">\r\n\t\t\t\t\t\t\t\t\"Il faut beaucoup de temps pour rester jeune \"\t\t\t\t\t\t\t<\/p>\r\n\t\t\t\t\t\t\t\t\t\t\t\t\t<\/div>\r\n\t\t\t\t\t\t\t\t\t\t\t\t<div class=\"sp-slide\">\r\n\t\t\t\t\t\t\t<img decoding=\"async\" class=\"sp-image\" loading=\"lazy\" alt=\"\" src=\"http:\/\/www.aikido-de-la-gatine.fr\/wp-content\/plugins\/ultimate-responsive-image-slider\/assets\/css\/images\/blank.gif\" data-src=\"http:\/\/www.aikido-de-la-gatine.fr\/wp-content\/uploads\/2014\/07\/cerisiers-de-sakura-japon.jpg\" \/>\r\n\r\n\t\t\t\t\t\t\t\r\n\t\t\t\t\t\t\t\t\t\t\t\t\t\t<p class=\"sp-layer sp-black sp-padding desc-in desc-in-bg hide-medium-screen\" \r\n\t\t\t\t\t\t\t\tdata-position=\"centerCenter\"\r\n\t\t\t\t\t\t\t\tdata-vertical=\"14%\"\r\n\t\t\t\t\t\t\t\tdata-show-transition=\"right\" data-show-delay=\"500\">\r\n\t\t\t\t\t\t\t\t\"Il est bon de se perdre car cela permet de se d\u00e9couvrir...\"\t\t\t\t\t\t\t<\/p>\r\n\t\t\t\t\t\t\t\t\t\t\t\t\t<\/div>\r\n\t\t\t\t\t\t\t\t\t\t\t\t<div class=\"sp-slide\">\r\n\t\t\t\t\t\t\t<img decoding=\"async\" class=\"sp-image\" loading=\"lazy\" alt=\"\" src=\"http:\/\/www.aikido-de-la-gatine.fr\/wp-content\/plugins\/ultimate-responsive-image-slider\/assets\/css\/images\/blank.gif\" data-src=\"http:\/\/www.aikido-de-la-gatine.fr\/wp-content\/uploads\/2014\/12\/DSC08263.jpg\" \/>\r\n\r\n\t\t\t\t\t\t\t\r\n\t\t\t\t\t\t\t\t\t\t\t\t\t\t<p class=\"sp-layer sp-black sp-padding desc-in desc-in-bg hide-medium-screen\" \r\n\t\t\t\t\t\t\t\tdata-position=\"centerCenter\"\r\n\t\t\t\t\t\t\t\tdata-vertical=\"14%\"\r\n\t\t\t\t\t\t\t\tdata-show-transition=\"right\" data-show-delay=\"500\">\r\n\t\t\t\t\t\t\t\t\"Quand tu es dans le torrent, il faut savoir suivre le courant si tu veux retrouver la berge\"\t\t\t\t\t\t\t<\/p>\r\n\t\t\t\t\t\t\t\t\t\t\t\t\t<\/div>\r\n\t\t\t\t\t\t\t\t\t\t\t\t<div class=\"sp-slide\">\r\n\t\t\t\t\t\t\t<img decoding=\"async\" class=\"sp-image\" loading=\"lazy\" alt=\"\" src=\"http:\/\/www.aikido-de-la-gatine.fr\/wp-content\/plugins\/ultimate-responsive-image-slider\/assets\/css\/images\/blank.gif\" data-src=\"http:\/\/www.aikido-de-la-gatine.fr\/wp-content\/uploads\/2016\/10\/DSC_57991.jpg\" \/>\r\n\r\n\t\t\t\t\t\t\t\r\n\t\t\t\t\t\t\t\t\t\t\t\t\t\t<p class=\"sp-layer sp-black sp-padding desc-in desc-in-bg hide-medium-screen\" \r\n\t\t\t\t\t\t\t\tdata-position=\"centerCenter\"\r\n\t\t\t\t\t\t\t\tdata-vertical=\"14%\"\r\n\t\t\t\t\t\t\t\tdata-show-transition=\"right\" data-show-delay=\"500\">\r\n\t\t\t\t\t\t\t\t\"Si tu fais mal l'entr\u00e9e, pas de dessert !\"\t\t\t\t\t\t\t<\/p>\r\n\t\t\t\t\t\t\t\t\t\t\t\t\t<\/div>\r\n\t\t\t\t\t\t\t\t\t\t\t\t<div class=\"sp-slide\">\r\n\t\t\t\t\t\t\t<img decoding=\"async\" class=\"sp-image\" loading=\"lazy\" alt=\"fuguro-shinai\" src=\"http:\/\/www.aikido-de-la-gatine.fr\/wp-content\/plugins\/ultimate-responsive-image-slider\/assets\/css\/images\/blank.gif\" data-src=\"http:\/\/www.aikido-de-la-gatine.fr\/wp-content\/uploads\/2024\/06\/fuguro-shinai-scaled.jpg\" \/>\r\n\r\n\t\t\t\t\t\t\t\r\n\t\t\t\t\t\t\t\t\t\t\t\t\t\t<p class=\"sp-layer sp-black sp-padding desc-in desc-in-bg hide-medium-screen\" \r\n\t\t\t\t\t\t\t\tdata-position=\"centerCenter\"\r\n\t\t\t\t\t\t\t\tdata-vertical=\"14%\"\r\n\t\t\t\t\t\t\t\tdata-show-transition=\"right\" data-show-delay=\"500\">\r\n\t\t\t\t\t\t\t\t\" La force doit servir \u00e0 \u00eatre plus tol\u00e9rant.\"\t\t\t\t\t\t\t<\/p>\r\n\t\t\t\t\t\t\t\t\t\t\t\t\t<\/div>\r\n\t\t\t\t\t\t\t\t\t\t\t\t<div class=\"sp-slide\">\r\n\t\t\t\t\t\t\t<img decoding=\"async\" class=\"sp-image\" loading=\"lazy\" alt=\"\" src=\"http:\/\/www.aikido-de-la-gatine.fr\/wp-content\/plugins\/ultimate-responsive-image-slider\/assets\/css\/images\/blank.gif\" data-src=\"http:\/\/www.aikido-de-la-gatine.fr\/wp-content\/uploads\/2016\/10\/DSC06434.jpg\" \/>\r\n\r\n\t\t\t\t\t\t\t\r\n\t\t\t\t\t\t\t\t\t\t\t\t\t\t<p class=\"sp-layer sp-black sp-padding desc-in desc-in-bg hide-medium-screen\" \r\n\t\t\t\t\t\t\t\tdata-position=\"centerCenter\"\r\n\t\t\t\t\t\t\t\tdata-vertical=\"14%\"\r\n\t\t\t\t\t\t\t\tdata-show-transition=\"right\" data-show-delay=\"500\">\r\n\t\t\t\t\t\t\t\t\"L'\u00e9quilibre, c'est avoir la t\u00eate dans les nuages et les pieds sur terre...\"\t\t\t\t\t\t\t<\/p>\r\n\t\t\t\t\t\t\t\t\t\t\t\t\t<\/div>\r\n\t\t\t\t\t\t\t\t\t\t\t\t<div class=\"sp-slide\">\r\n\t\t\t\t\t\t\t<img decoding=\"async\" class=\"sp-image\" loading=\"lazy\" alt=\"\" src=\"http:\/\/www.aikido-de-la-gatine.fr\/wp-content\/plugins\/ultimate-responsive-image-slider\/assets\/css\/images\/blank.gif\" data-src=\"http:\/\/www.aikido-de-la-gatine.fr\/wp-content\/uploads\/2017\/10\/Abiga\u00ebl-2.jpg\" \/>\r\n\r\n\t\t\t\t\t\t\t\r\n\t\t\t\t\t\t\t\t\t\t\t\t\t\t<p class=\"sp-layer sp-black sp-padding desc-in desc-in-bg hide-medium-screen\" \r\n\t\t\t\t\t\t\t\tdata-position=\"centerCenter\"\r\n\t\t\t\t\t\t\t\tdata-vertical=\"14%\"\r\n\t\t\t\t\t\t\t\tdata-show-transition=\"right\" data-show-delay=\"500\">\r\n\t\t\t\t\t\t\t\t\"Apprendre aux autres \u00e7a demande du temps, et la satisfaction ne vient que plus tard.\"\t\t\t\t\t\t\t<\/p>\r\n\t\t\t\t\t\t\t\t\t\t\t\t\t<\/div>\r\n\t\t\t\t\t\t\t\t\t\t\t\t<div class=\"sp-slide\">\r\n\t\t\t\t\t\t\t<img decoding=\"async\" class=\"sp-image\" loading=\"lazy\" alt=\"aikido la gatine\" src=\"http:\/\/www.aikido-de-la-gatine.fr\/wp-content\/plugins\/ultimate-responsive-image-slider\/assets\/css\/images\/blank.gif\" data-src=\"http:\/\/www.aikido-de-la-gatine.fr\/wp-content\/uploads\/2024\/02\/aikido-la-gatine.jpg\" \/>\r\n\r\n\t\t\t\t\t\t\t\r\n\t\t\t\t\t\t\t\t\t\t\t\t\t\t<p class=\"sp-layer sp-black sp-padding desc-in desc-in-bg hide-medium-screen\" \r\n\t\t\t\t\t\t\t\tdata-position=\"centerCenter\"\r\n\t\t\t\t\t\t\t\tdata-vertical=\"14%\"\r\n\t\t\t\t\t\t\t\tdata-show-transition=\"right\" data-show-delay=\"500\">\r\n\t\t\t\t\t\t\t\t\" Un bon a\u00efkidoka est comme le vent: il doit \u00eatre partout\"\t\t\t\t\t\t\t<\/p>\r\n\t\t\t\t\t\t\t\t\t\t\t\t\t<\/div>\r\n\t\t\t\t\t\t\t\t\t\t\t\t<div class=\"sp-slide\">\r\n\t\t\t\t\t\t\t<img decoding=\"async\" class=\"sp-image\" loading=\"lazy\" alt=\"\" src=\"http:\/\/www.aikido-de-la-gatine.fr\/wp-content\/plugins\/ultimate-responsive-image-slider\/assets\/css\/images\/blank.gif\" data-src=\"http:\/\/www.aikido-de-la-gatine.fr\/wp-content\/uploads\/2018\/05\/DSC_5665.jpg\" \/>\r\n\r\n\t\t\t\t\t\t\t\r\n\t\t\t\t\t\t\t\t\t\t\t\t\t\t<p class=\"sp-layer sp-black sp-padding desc-in desc-in-bg hide-medium-screen\" \r\n\t\t\t\t\t\t\t\tdata-position=\"centerCenter\"\r\n\t\t\t\t\t\t\t\tdata-vertical=\"14%\"\r\n\t\t\t\t\t\t\t\tdata-show-transition=\"right\" data-show-delay=\"500\">\r\n\t\t\t\t\t\t\t\t\"L'a\u00efkido, c'est se mettre re relation avec son environnement.\"\t\t\t\t\t\t\t<\/p>\r\n\t\t\t\t\t\t\t\t\t\t\t\t\t<\/div>\r\n\t\t\t\t\t\t\t\t\t\t\t\t<div class=\"sp-slide\">\r\n\t\t\t\t\t\t\t<img decoding=\"async\" class=\"sp-image\" loading=\"lazy\" alt=\"\" src=\"http:\/\/www.aikido-de-la-gatine.fr\/wp-content\/plugins\/ultimate-responsive-image-slider\/assets\/css\/images\/blank.gif\" data-src=\"http:\/\/www.aikido-de-la-gatine.fr\/wp-content\/uploads\/2018\/08\/1-DSC_4437.jpg\" \/>\r\n\r\n\t\t\t\t\t\t\t\r\n\t\t\t\t\t\t\t\t\t\t\t\t\t\t<p class=\"sp-layer sp-black sp-padding desc-in desc-in-bg hide-medium-screen\" \r\n\t\t\t\t\t\t\t\tdata-position=\"centerCenter\"\r\n\t\t\t\t\t\t\t\tdata-vertical=\"14%\"\r\n\t\t\t\t\t\t\t\tdata-show-transition=\"right\" data-show-delay=\"500\">\r\n\t\t\t\t\t\t\t\t\"Pour allonger il faut tourner en spirale, comme la vigne.\"\t\t\t\t\t\t\t<\/p>\r\n\t\t\t\t\t\t\t\t\t\t\t\t\t<\/div>\r\n\t\t\t\t\t\t\t\t\t<\/div>\r\n\t\t\t\r\n\t\t\t<!---- slides div end ---->\r\n\t\t\t\t\t\t<!-- slides thumbnails div end -->\r\n\t\t<\/div>\r\n\n\n\n\n<h4 class=\"wp-block-heading\">L&rsquo;A\u00efkido de la G\u00e2tine vous souhaite la bienvenue !<\/h4>\n\n\n\n<p>Notre club se situe \u00e0 Parthenay, dans les Deux-S\u00e8vres (79).<\/p>\n\n\n<div class=\"wp-block-image\">\n<figure class=\"alignright size-large is-resized\"><a href=\"http:\/\/www.aikido-de-la-gatine.fr\/wp-content\/uploads\/2026\/01\/stage.jpg\" rel=\"noopener noreferrer\"><img loading=\"lazy\" decoding=\"async\" width=\"1024\" height=\"819\" src=\"http:\/\/www.aikido-de-la-gatine.fr\/wp-content\/uploads\/2026\/01\/stage-1024x819.jpg\" alt=\"\" class=\"wp-image-4670\" style=\"width:342px;height:auto\" srcset=\"http:\/\/www.aikido-de-la-gatine.fr\/wp-content\/uploads\/2026\/01\/stage-1024x819.jpg 1024w, http:\/\/www.aikido-de-la-gatine.fr\/wp-content\/uploads\/2026\/01\/stage-300x240.jpg 300w, http:\/\/www.aikido-de-la-gatine.fr\/wp-content\/uploads\/2026\/01\/stage-768x614.jpg 768w, http:\/\/www.aikido-de-la-gatine.fr\/wp-content\/uploads\/2026\/01\/stage-1536x1229.jpg 1536w, http:\/\/www.aikido-de-la-gatine.fr\/wp-content\/uploads\/2026\/01\/stage.jpg 2000w\" sizes=\"(max-width: 1024px) 100vw, 1024px\" \/><\/a><figcaption class=\"wp-element-caption\"><em>A\u00efkido \u00e0 Parthenay<\/em><\/figcaption><\/figure><\/div>\n\n\n<p>Il accueille des&nbsp; pratiquant.e.s de Parthenay et des&nbsp; alentours, ainsi que des d\u00e9partements voisins.<\/p>\n\n\n\n<p><strong>Les cours propos\u00e9s s&rsquo;adressent aux adolescent.e.s et adultes<\/strong>,<strong> d\u00e9butants ou confirm\u00e9s <em>(en l&rsquo;absence d&rsquo;un \u00e9ducateur disponible, notre club ne dispense actuellement plus de cours pour les enfants)<\/em><\/strong>. Ils sont assur\u00e9s dans une ambiance conviviale, avec une p\u00e9dagogie rigoureuse et respectueuse du niveau de chacun.<\/p>\n\n\n\n<p>Sur ce site, vous trouverez des informations sur notre discipline, le fonctionnement du club et sur l&rsquo;histoire et les principes qui le gouvernent.<\/p>\n\n\n\n<p><strong>N&rsquo;h\u00e9sitez pas \u00e0 nous contacter et \u00e0 nous rendre visite.<\/strong><\/p>\n\n\n\n<p>Bonne navigation et \u00e0 bient\u00f4t&#8230;<\/p>\n\n\n\n<hr class=\"wp-block-separator has-alpha-channel-opacity\"\/>\n\n\n\n<h6 class=\"wp-block-heading\"><strong>Pour de plus amples informations, n&rsquo;h\u00e9sitez pas \u00e0 : <span style=\"color: #ff0000;\"><a style=\"color: #ff0000;\" href=\"http:\/\/www.aikido-de-la-gatine.fr\/?page_id=29\">Nous contacter<\/a><\/span>&nbsp;<\/strong><\/h6>\n\n\n\n<h6 class=\"wp-block-heading\">Retrouvez notre calendrier en cliquant ici : <span style=\"color: #ff0000;\"><a style=\"color: #ff0000;\" href=\"http:\/\/www.aikido-de-la-gatine.fr\/?page_id=163\">Calendrier 2025-2026<\/a><\/span><\/h6>\n\n\n\n<p><\/p>\n","protected":false},"excerpt":{"rendered":"<p>L&rsquo;A\u00efkido de la G\u00e2tine vous souhaite la bienvenue ! Notre club se situe \u00e0 Parthenay, dans les Deux-S\u00e8vres (79). Il accueille des&nbsp; pratiquant.e.s de Parthenay et des&nbsp; alentours, ainsi que des d\u00e9partements voisins. Les cours propos\u00e9s s&rsquo;adressent aux adolescent.e.s et adultes, d\u00e9butants ou confirm\u00e9s (en l&rsquo;absence d&rsquo;un \u00e9ducateur disponible, notre club ne dispense actuellement plus &hellip; <a href=\"http:\/\/www.aikido-de-la-gatine.fr\/?p=838\" class=\"more-link\">Continuer la lecture de <span class=\"screen-reader-text\">Paroles de Grand professeur<\/span>  <span class=\"meta-nav\">&rarr;<\/span><\/a><\/p>\n","protected":false},"author":1,"featured_media":0,"parent":0,"menu_order":0,"comment_status":"closed","ping_status":"closed","template":"","meta":{"footnotes":""},"class_list":["post-19","page","type-page","status-publish","hentry"],"_links":{"self":[{"href":"http:\/\/www.aikido-de-la-gatine.fr\/index.php?rest_route=\/wp\/v2\/pages\/19"}],"collection":[{"href":"http:\/\/www.aikido-de-la-gatine.fr\/index.php?rest_route=\/wp\/v2\/pages"}],"about":[{"href":"http:\/\/www.aikido-de-la-gatine.fr\/index.php?rest_route=\/wp\/v2\/types\/page"}],"author":[{"embeddable":true,"href":"http:\/\/www.aikido-de-la-gatine.fr\/index.php?rest_route=\/wp\/v2\/users\/1"}],"replies":[{"embeddable":true,"href":"http:\/\/www.aikido-de-la-gatine.fr\/index.php?rest_route=%2Fwp%2Fv2%2Fcomments&post=19"}],"version-history":[{"count":215,"href":"http:\/\/www.aikido-de-la-gatine.fr\/index.php?rest_route=\/wp\/v2\/pages\/19\/revisions"}],"predecessor-version":[{"id":4682,"href":"http:\/\/www.aikido-de-la-gatine.fr\/index.php?rest_route=\/wp\/v2\/pages\/19\/revisions\/4682"}],"wp:attachment":[{"href":"http:\/\/www.aikido-de-la-gatine.fr\/index.php?rest_route=%2Fwp%2Fv2%2Fmedia&parent=19"}],"curies":[{"name":"wp","href":"https:\/\/api.w.org\/{rel}","templated":true}]}}