{"id":4632,"date":"2025-11-01T22:36:57","date_gmt":"2025-11-01T21:36:57","guid":{"rendered":"http:\/\/www.aikido-de-la-gatine.fr\/?page_id=4632"},"modified":"2026-01-21T00:12:08","modified_gmt":"2026-01-20T23:12:08","slug":"stage-dete-2026","status":"publish","type":"page","link":"http:\/\/www.aikido-de-la-gatine.fr\/?page_id=4632","title":{"rendered":"Stage d&rsquo;\u00e9t\u00e9 2026"},"content":{"rendered":"\n<p><\/p>\n\n\n\n<p class=\"has-text-align-left\">Organis\u00e9 par le club d&rsquo;A\u00efkido de la G\u00e2tine ainsi que l&rsquo;\u00e9cole d&rsquo;A\u00efkido de Plouguerneau et anim\u00e9 par notre enseignant Alain Vivier, le stage d&rsquo;\u00e9t\u00e9 se d\u00e9roulera du <strong>11 au 15 juillet 2026<\/strong> au <a href=\"https:\/\/www.google.com\/maps\/place\/Ecole+d'A%C3%AFkido+de+Plouguerneau\/@48.6104177,-4.5088501,17z\/data=!4m14!1m7!3m6!1s0x4816a714ac1823cb:0x2f73253c46f314ce!2sEcole+d'A%C3%AFkido+de+Plouguerneau!8m2!3d48.6104177!4d-4.5088501!16s%2Fg%2F11c1dgcph3!3m5!1s0x4816a714ac1823cb:0x2f73253c46f314ce!8m2!3d48.6104177!4d-4.5088501!16s%2Fg%2F11c1dgcph3?hl=fr&amp;entry=ttu&amp;g_ep=EgoyMDI1MTAyOS4yIKXMDSoASAFQAw%3D%3D\">Complexe sportif de, Kroaz Kenan, 29880 Plouguerneau<\/a>. Retrouvez toutes les informations dans l&rsquo;affiche ci-dessous : <\/p>\n\n\n\n<figure class=\"wp-block-image size-large\"><a href=\"http:\/\/www.aikido-de-la-gatine.fr\/wp-content\/uploads\/2026\/01\/stage-9-1.png\"><img loading=\"lazy\" decoding=\"async\" width=\"724\" height=\"1024\" src=\"http:\/\/www.aikido-de-la-gatine.fr\/wp-content\/uploads\/2026\/01\/stage-9-1-724x1024.png\" alt=\"\" class=\"wp-image-4678\" srcset=\"http:\/\/www.aikido-de-la-gatine.fr\/wp-content\/uploads\/2026\/01\/stage-9-1-724x1024.png 724w, http:\/\/www.aikido-de-la-gatine.fr\/wp-content\/uploads\/2026\/01\/stage-9-1-212x300.png 212w, http:\/\/www.aikido-de-la-gatine.fr\/wp-content\/uploads\/2026\/01\/stage-9-1-768x1086.png 768w, http:\/\/www.aikido-de-la-gatine.fr\/wp-content\/uploads\/2026\/01\/stage-9-1-1086x1536.png 1086w, http:\/\/www.aikido-de-la-gatine.fr\/wp-content\/uploads\/2026\/01\/stage-9-1.png 1414w\" sizes=\"(max-width: 724px) 100vw, 724px\" \/><\/a><\/figure>\n\n\n\n<p class=\"has-medium-font-size\"><strong><mark style=\"background-color:rgba(0, 0, 0, 0)\" class=\"has-inline-color has-green-color\">Les pr\u00e9-inscriptions sont ouvertes ! Vous pouvez les retrouver via ce lien<\/mark><\/strong> : <a href=\"https:\/\/www.helloasso.com\/associations\/aikido-de-la-gatine\"><strong>Pr\u00e9-inscriptions stage d&rsquo;\u00e9t\u00e9 2026<\/strong><\/a><\/p>\n\n\n\n<h4 class=\"wp-block-heading has-text-align-center has-medium-font-size\"><em>Ce stage est accessible \u00e0 tous(tes) les pratiquant(e)s, n&rsquo;h\u00e9sitez pas \u00e0 en parler autour de vous ! <\/em><\/h4>\n\n\n\n<p><\/p>\n","protected":false},"excerpt":{"rendered":"<p>Organis\u00e9 par le club d&rsquo;A\u00efkido de la G\u00e2tine ainsi que l&rsquo;\u00e9cole d&rsquo;A\u00efkido de Plouguerneau et anim\u00e9 par notre enseignant Alain Vivier, le stage d&rsquo;\u00e9t\u00e9 se d\u00e9roulera du 11 au 15 juillet 2026 au Complexe sportif de, Kroaz Kenan, 29880 Plouguerneau. Retrouvez toutes les informations dans l&rsquo;affiche ci-dessous : Les pr\u00e9-inscriptions sont ouvertes ! Vous pouvez &hellip; <a href=\"http:\/\/www.aikido-de-la-gatine.fr\/?page_id=4632\" class=\"more-link\">Continuer la lecture de <span class=\"screen-reader-text\">Stage d&rsquo;\u00e9t\u00e9 2026<\/span>  <span class=\"meta-nav\">&rarr;<\/span><\/a><\/p>\n","protected":false},"author":1,"featured_media":4647,"parent":0,"menu_order":0,"comment_status":"closed","ping_status":"closed","template":"","meta":{"footnotes":""},"class_list":["post-4632","page","type-page","status-publish","has-post-thumbnail","hentry"],"_links":{"self":[{"href":"http:\/\/www.aikido-de-la-gatine.fr\/index.php?rest_route=\/wp\/v2\/pages\/4632"}],"collection":[{"href":"http:\/\/www.aikido-de-la-gatine.fr\/index.php?rest_route=\/wp\/v2\/pages"}],"about":[{"href":"http:\/\/www.aikido-de-la-gatine.fr\/index.php?rest_route=\/wp\/v2\/types\/page"}],"author":[{"embeddable":true,"href":"http:\/\/www.aikido-de-la-gatine.fr\/index.php?rest_route=\/wp\/v2\/users\/1"}],"replies":[{"embeddable":true,"href":"http:\/\/www.aikido-de-la-gatine.fr\/index.php?rest_route=%2Fwp%2Fv2%2Fcomments&post=4632"}],"version-history":[{"count":6,"href":"http:\/\/www.aikido-de-la-gatine.fr\/index.php?rest_route=\/wp\/v2\/pages\/4632\/revisions"}],"predecessor-version":[{"id":4680,"href":"http:\/\/www.aikido-de-la-gatine.fr\/index.php?rest_route=\/wp\/v2\/pages\/4632\/revisions\/4680"}],"wp:featuredmedia":[{"embeddable":true,"href":"http:\/\/www.aikido-de-la-gatine.fr\/index.php?rest_route=\/wp\/v2\/media\/4647"}],"wp:attachment":[{"href":"http:\/\/www.aikido-de-la-gatine.fr\/index.php?rest_route=%2Fwp%2Fv2%2Fmedia&parent=4632"}],"curies":[{"name":"wp","href":"https:\/\/api.w.org\/{rel}","templated":true}]}}